{"id":70,"date":"2025-07-25T17:31:48","date_gmt":"2025-07-25T17:31:48","guid":{"rendered":"http:\/\/clasicasud.cluster020.hosting.ovh.net\/somriure\/?page_id=70"},"modified":"2025-11-04T19:47:23","modified_gmt":"2025-11-04T19:47:23","slug":"flors-de-bach","status":"publish","type":"page","link":"https:\/\/somriureconscient.cat\/index.php\/flors-de-bach\/","title":{"rendered":"Flors de Bach"},"content":{"rendered":"\n<div class=\"wp-block-cover\" style=\"min-height:287px;aspect-ratio:unset;\"><img loading=\"lazy\" decoding=\"async\" width=\"1024\" height=\"587\" class=\"wp-block-cover__image-background wp-image-102\" alt=\"\" src=\"http:\/\/clasicasud.cluster020.hosting.ovh.net\/somriure\/wp-content\/uploads\/2025\/07\/Captura-de-pantalla-2025-07-28-130839-1024x587.png\" data-object-fit=\"cover\" srcset=\"https:\/\/somriureconscient.cat\/wp-content\/uploads\/2025\/07\/Captura-de-pantalla-2025-07-28-130839-1024x587.png 1024w, https:\/\/somriureconscient.cat\/wp-content\/uploads\/2025\/07\/Captura-de-pantalla-2025-07-28-130839-300x172.png 300w, https:\/\/somriureconscient.cat\/wp-content\/uploads\/2025\/07\/Captura-de-pantalla-2025-07-28-130839-768x440.png 768w, https:\/\/somriureconscient.cat\/wp-content\/uploads\/2025\/07\/Captura-de-pantalla-2025-07-28-130839.png 1109w\" sizes=\"auto, (max-width: 767px) 89vw, (max-width: 1000px) 54vw, (max-width: 1071px) 543px, 580px\" \/><span aria-hidden=\"true\" class=\"wp-block-cover__background has-background-dim\"><\/span><div class=\"wp-block-cover__inner-container is-layout-flow wp-block-cover-is-layout-flow\">\n<p class=\"has-text-align-center has-large-font-size\">Flors de Bach<\/p>\n<\/div><\/div>\n\n\n\n<p id=\"florsBach\"><strong>Descobreix el Poder de les Flors de Bach<\/strong><\/p>\n\n\n\n<p><strong>Qu\u00e8 s\u00f3n les Flors de Bach?<\/strong><\/p>\n\n\n\n<p id=\"florsBach\">Les Flors de Bach s\u00f3n preparats l\u00edquids naturals obtinguts de flors silvestres que es fan servir per tractar diferents desequilibris emocionals i millorar la salut mental i emocional.<\/p>\n\n\n\n<p><strong>Com funcionen?<\/strong><\/p>\n\n\n\n<p>Cada flor t\u00e9 un efecte espec\u00edfic en diferents estats emocionals. Aquests remeis naturals ajuden a equilibrar i harmonitzar les nostres emocions i ens ajuden a superar l&#8217;estr\u00e8s, l&#8217;ansietat, la depressi\u00f3 i altres problemes emocionals.<\/p>\n\n\n\n<figure class=\"wp-block-image size-full is-resized\"><img loading=\"lazy\" decoding=\"async\" width=\"693\" height=\"343\" src=\"http:\/\/clasicasud.cluster020.hosting.ovh.net\/somriure\/wp-content\/uploads\/2025\/07\/Captura-de-pantalla-2025-07-28-130918-3.png\" alt=\"\" class=\"wp-image-106\" style=\"width:664px;height:auto\" srcset=\"https:\/\/somriureconscient.cat\/wp-content\/uploads\/2025\/07\/Captura-de-pantalla-2025-07-28-130918-3.png 693w, https:\/\/somriureconscient.cat\/wp-content\/uploads\/2025\/07\/Captura-de-pantalla-2025-07-28-130918-3-300x148.png 300w\" sizes=\"auto, (max-width: 693px) 100vw, 693px\" \/><\/figure>\n\n\n\n<p><strong>Troba la teva Flor<\/strong><\/p>\n\n\n\n<p class=\"has-black-color has-text-color has-link-color wp-elements-680631ff7d8c88f5c0ca94cff49be1c6\">A <strong>Somriureconscient<\/strong> us ajudar\u00e9 a identificar quines flors s\u00f3n les m\u00e9s adequades per a tu i us guiar\u00e9 en el proc\u00e9s de recuperaci\u00f3 emocional. Descobreix com les Flors de Bach poden millorar el teu benestar.<\/p>\n\n\n<div class=\"wp-block-image\">\n<figure class=\"aligncenter size-full is-resized\"><img loading=\"lazy\" decoding=\"async\" width=\"575\" height=\"176\" src=\"http:\/\/clasicasud.cluster020.hosting.ovh.net\/somriure\/wp-content\/uploads\/2025\/07\/Captura-de-pantalla-2025-07-28-131959.png\" alt=\"\" class=\"wp-image-104\" style=\"width:220px;height:auto\" srcset=\"https:\/\/somriureconscient.cat\/wp-content\/uploads\/2025\/07\/Captura-de-pantalla-2025-07-28-131959.png 575w, https:\/\/somriureconscient.cat\/wp-content\/uploads\/2025\/07\/Captura-de-pantalla-2025-07-28-131959-300x92.png 300w\" sizes=\"auto, (max-width: 575px) 100vw, 575px\" \/><\/figure><\/div>\n\n\n<p><\/p>\n","protected":false},"excerpt":{"rendered":"<p>Descobreix el Poder de les Flors de Bach Qu\u00e8 s\u00f3n les Flors de Bach? Les Flors de Bach s\u00f3n preparats l\u00edquids naturals obtinguts de flors silvestres que es fan servir per tractar diferents desequilibris emocionals i millorar la salut mental i emocional. Com funcionen? Cada flor t\u00e9 un efecte espec\u00edfic en diferents estats emocionals. Aquests &hellip; <\/p>\n<p class=\"link-more\"><a href=\"https:\/\/somriureconscient.cat\/index.php\/flors-de-bach\/\" class=\"more-link\">Continuar leyendo<span class=\"screen-reader-text\"> \u00abFlors de Bach\u00bb<\/span><\/a><\/p>\n","protected":false},"author":2,"featured_media":0,"parent":0,"menu_order":0,"comment_status":"closed","ping_status":"closed","template":"","meta":{"footnotes":""},"class_list":["post-70","page","type-page","status-publish","hentry"],"_links":{"self":[{"href":"https:\/\/somriureconscient.cat\/index.php\/wp-json\/wp\/v2\/pages\/70","targetHints":{"allow":["GET"]}}],"collection":[{"href":"https:\/\/somriureconscient.cat\/index.php\/wp-json\/wp\/v2\/pages"}],"about":[{"href":"https:\/\/somriureconscient.cat\/index.php\/wp-json\/wp\/v2\/types\/page"}],"author":[{"embeddable":true,"href":"https:\/\/somriureconscient.cat\/index.php\/wp-json\/wp\/v2\/users\/2"}],"replies":[{"embeddable":true,"href":"https:\/\/somriureconscient.cat\/index.php\/wp-json\/wp\/v2\/comments?post=70"}],"version-history":[{"count":10,"href":"https:\/\/somriureconscient.cat\/index.php\/wp-json\/wp\/v2\/pages\/70\/revisions"}],"predecessor-version":[{"id":282,"href":"https:\/\/somriureconscient.cat\/index.php\/wp-json\/wp\/v2\/pages\/70\/revisions\/282"}],"wp:attachment":[{"href":"https:\/\/somriureconscient.cat\/index.php\/wp-json\/wp\/v2\/media?parent=70"}],"curies":[{"name":"wp","href":"https:\/\/api.w.org\/{rel}","templated":true}]}}