{"id":68,"date":"2025-07-25T17:31:09","date_gmt":"2025-07-25T17:31:09","guid":{"rendered":"http:\/\/clasicasud.cluster020.hosting.ovh.net\/somriure\/?page_id=68"},"modified":"2025-11-04T19:47:59","modified_gmt":"2025-11-04T19:47:59","slug":"programacio-neurolinguistica-pnl","status":"publish","type":"page","link":"https:\/\/somriureconscient.cat\/index.php\/programacio-neurolinguistica-pnl\/","title":{"rendered":"Programaci\u00f3 Neuroling\u00fc\u00edstica (PNL)"},"content":{"rendered":"\n<div class=\"wp-block-cover\"><img loading=\"lazy\" decoding=\"async\" width=\"1024\" height=\"1008\" class=\"wp-block-cover__image-background wp-image-97\" alt=\"\" src=\"http:\/\/clasicasud.cluster020.hosting.ovh.net\/somriure\/wp-content\/uploads\/2025\/07\/IMG_0992-1024x1008.jpg\" data-object-fit=\"cover\" srcset=\"https:\/\/somriureconscient.cat\/wp-content\/uploads\/2025\/07\/IMG_0992-1024x1008.jpg 1024w, https:\/\/somriureconscient.cat\/wp-content\/uploads\/2025\/07\/IMG_0992-300x295.jpg 300w, https:\/\/somriureconscient.cat\/wp-content\/uploads\/2025\/07\/IMG_0992-768x756.jpg 768w, https:\/\/somriureconscient.cat\/wp-content\/uploads\/2025\/07\/IMG_0992.jpg 1125w\" sizes=\"auto, (max-width: 767px) 89vw, (max-width: 1000px) 54vw, (max-width: 1071px) 543px, 580px\" \/><span aria-hidden=\"true\" class=\"wp-block-cover__background has-background-dim\"><\/span><div class=\"wp-block-cover__inner-container is-layout-flow wp-block-cover-is-layout-flow\">\n<p class=\"has-text-align-center has-pale-pink-color has-text-color has-link-color has-x-large-font-size wp-elements-3b4d0ef9974fd4ab1fcc3a11937185f0\">Programaci\u00f3 Neuroling\u00fc\u00edstica<\/p>\n<\/div><\/div>\n\n\n\n<p><strong>La Programaci\u00f3 Neuroling\u00fc\u00edstica (PNL) <\/strong>\u00e9s una manera de comprendre com <strong>pensem,<\/strong> <strong>parlem <\/strong>i<strong> comportem<\/strong> les persones. <\/p>\n\n\n\n<p>Es basa en la idea que la nostra <strong>ment<\/strong>, el nostre <strong>llenguatge<\/strong> i els nostres <strong>comportaments<\/strong> estan connectats i que podem canviar la manera com pensem i actuem per millorar la nostra vida. <\/p>\n\n\n\n<p>La <strong>PNL<\/strong> s\u2019utilitza per:<\/p>\n\n\n\n<ul class=\"wp-block-list\">\n<li><strong>comunicar millor<\/strong><\/li>\n<\/ul>\n\n\n\n<ul class=\"wp-block-list\">\n<li>ajudar a <strong>superar pors, <\/strong><\/li>\n<\/ul>\n\n\n\n<ul class=\"wp-block-list\">\n<li><strong>millorar habilitats, <\/strong><\/li>\n<\/ul>\n\n\n\n<ul class=\"wp-block-list\">\n<li><strong>assolir els objectius que ens proposem.<\/strong> \u00c9s com aprendre a entendre i canviar el nostre cervell i les nostres paraules per aconseguir els resultats que desitgem.<\/li>\n<\/ul>\n\n\n\n<p>En l&#8217;\u00e0mbit de la consulta  trav\u00e9s de la Programaci\u00f3 Neuroling\u00fc\u00edstica (PNL) ofereixo diversos <strong>beneficis<\/strong>, ja sigui en el context de ter\u00e0pia, coaching o desenvolupament personal. Alguns dels principals avantatges s\u00f3n:<\/p>\n\n\n\n<ol class=\"wp-block-list\">\n<li><strong>Millora de la comunicaci\u00f3<\/strong>: La PNL ajuda a entendre millor com els altres processen la informaci\u00f3, millorant la manera de comunicar-se i reduint malentesos.<\/li>\n\n\n\n<li><strong>Gesti\u00f3 emocional<\/strong>: Facilita el control de les emocions i la reducci\u00f3 de l&#8217;estr\u00e8s, millorant el benestar emocional dels pacients.<\/li>\n\n\n\n<li><strong>Canvi de patrons de pensament i comportament<\/strong>: Permet identificar i modificar creences limitants o patrons que impedeixen avan\u00e7ar, promovent un canvi positiu.<\/li>\n\n\n\n<li><strong>Increment de la motivaci\u00f3 i l&#8217;autoestima<\/strong>: Ajuda els individus a identificar els seus recursos interns i refor\u00e7ar la confian\u00e7a en si mateixos.<\/li>\n\n\n\n<li><strong>Millora de l&#8217;aprenentatge i la resoluci\u00f3 de problemes<\/strong>: Facilita noves estrat\u00e8gies mentals i enfocaments per afrontar desafiaments de manera m\u00e9s efectiva.<\/li>\n\n\n\n<li><strong>Personalitzaci\u00f3 de l\u2019atenci\u00f3<\/strong>: La PNL permet adaptar les t\u00e8cniques a les necessitats particulars de cada pacient, fent que la intervenci\u00f3 sigui m\u00e9s efectiva.<\/li>\n\n\n\n<li><strong>Foment de l\u2019autoconeixement<\/strong>: Promou la consci\u00e8ncia de com pensen, senten i actuen, facilitant el proc\u00e9s de canvi i creixement personal.<\/li>\n<\/ol>\n\n\n\n<p><strong>Aquests beneficis fan que la PNL sigui una eina valuosa en el context d\u2019una consulta, millorant els resultats i la satisfacci\u00f3 dels pacients.<\/strong><\/p>\n","protected":false},"excerpt":{"rendered":"<p>La Programaci\u00f3 Neuroling\u00fc\u00edstica (PNL) \u00e9s una manera de comprendre com pensem, parlem i comportem les persones. Es basa en la idea que la nostra ment, el nostre llenguatge i els nostres comportaments estan connectats i que podem canviar la manera com pensem i actuem per millorar la nostra vida. La PNL s\u2019utilitza per: En l&#8217;\u00e0mbit &hellip; <\/p>\n<p class=\"link-more\"><a href=\"https:\/\/somriureconscient.cat\/index.php\/programacio-neurolinguistica-pnl\/\" class=\"more-link\">Continuar leyendo<span class=\"screen-reader-text\"> \u00abProgramaci\u00f3 Neuroling\u00fc\u00edstica (PNL)\u00bb<\/span><\/a><\/p>\n","protected":false},"author":2,"featured_media":0,"parent":0,"menu_order":0,"comment_status":"closed","ping_status":"closed","template":"","meta":{"footnotes":""},"class_list":["post-68","page","type-page","status-publish","hentry"],"_links":{"self":[{"href":"https:\/\/somriureconscient.cat\/index.php\/wp-json\/wp\/v2\/pages\/68","targetHints":{"allow":["GET"]}}],"collection":[{"href":"https:\/\/somriureconscient.cat\/index.php\/wp-json\/wp\/v2\/pages"}],"about":[{"href":"https:\/\/somriureconscient.cat\/index.php\/wp-json\/wp\/v2\/types\/page"}],"author":[{"embeddable":true,"href":"https:\/\/somriureconscient.cat\/index.php\/wp-json\/wp\/v2\/users\/2"}],"replies":[{"embeddable":true,"href":"https:\/\/somriureconscient.cat\/index.php\/wp-json\/wp\/v2\/comments?post=68"}],"version-history":[{"count":3,"href":"https:\/\/somriureconscient.cat\/index.php\/wp-json\/wp\/v2\/pages\/68\/revisions"}],"predecessor-version":[{"id":133,"href":"https:\/\/somriureconscient.cat\/index.php\/wp-json\/wp\/v2\/pages\/68\/revisions\/133"}],"wp:attachment":[{"href":"https:\/\/somriureconscient.cat\/index.php\/wp-json\/wp\/v2\/media?parent=68"}],"curies":[{"name":"wp","href":"https:\/\/api.w.org\/{rel}","templated":true}]}}