{"id":64,"date":"2025-07-25T17:28:49","date_gmt":"2025-07-25T17:28:49","guid":{"rendered":"http:\/\/clasicasud.cluster020.hosting.ovh.net\/somriure\/?page_id=64"},"modified":"2025-11-04T19:49:28","modified_gmt":"2025-11-04T19:49:28","slug":"terapia-integrativa","status":"publish","type":"page","link":"https:\/\/somriureconscient.cat\/index.php\/terapia-integrativa\/","title":{"rendered":"Terapia Integrativa"},"content":{"rendered":"\n<h2 class=\"wp-block-heading\"><strong>Fusi\u00f3 de ter\u00e0pies<\/strong><\/h2>\n\n\n\n<p>Quan parlo de <strong>Ter\u00e0pia Integrativa<\/strong> em refereixo que en la sessi\u00f3 integrar\u00e9 o tindr\u00e9 en compte diferents aspectes de la salut.<\/p>\n\n\n\n<p>Tindr\u00e9 en compte:<\/p>\n\n\n\n<ul class=\"wp-block-list\">\n<li>la salut emocional,<\/li>\n\n\n\n<li>la salut endocrina,<\/li>\n\n\n\n<li>la salut intestinal,<\/li>\n\n\n\n<li>l&#8217;estat del sistema immunitari,<\/li>\n\n\n\n<li>el dormir,<\/li>\n\n\n\n<li>la dieta, <\/li>\n\n\n\n<li>les rutines d&#8217;esport o moviment f\u00edsic.<\/li>\n<\/ul>\n\n\n\n<p>Per altra banda <strong>Ter\u00e0pia Integrativa <\/strong>em serveix per definir tamb\u00e9 les meves sessions on integro diferents t\u00e8cniques.<\/p>\n\n\n\n<p>Aix\u00ed en una sessi\u00f3 puc incloure:<\/p>\n\n\n\n<ul class=\"wp-block-list\">\n<li>T\u00e8cniques de medicina xinesa (acupuntura, auriculoter\u00e0pia, moxa o ventoses),<\/li>\n\n\n\n<li>Filtres de Nogier  (7 filtres = 7 freq\u00fc\u00e8ncies que s&#8217;utilitzen per determinar la reacci\u00f3 del canvi del pols VAS-NOGIER a trav\u00e9s dels estimuls de llum amb els filtres de color. Aquests filtres s&#8217;utilitzen en contacte o proximitat a la pell o orella)<\/li>\n\n\n\n<li>Massatge (veure diferents tipus en secci\u00f3 massatges).<\/li>\n\n\n\n<li>P.N.L. (Programaci\u00f3 Neuroling\u00fc\u00edstica)<\/li>\n\n\n\n<li>Flors de Bach <\/li>\n\n\n\n<li>Reiki o sanaci\u00f3 energ\u00e8tica.<\/li>\n\n\n\n<li>Suplementaci\u00f3 amb vitamines, minerals, amino\u00e0cids, Oligoter\u00e0pia, Fitoter\u00e0pia, Homeopatia.<\/li>\n<\/ul>\n\n\n\n<p><\/p>\n","protected":false},"excerpt":{"rendered":"<p>Fusi\u00f3 de ter\u00e0pies Quan parlo de Ter\u00e0pia Integrativa em refereixo que en la sessi\u00f3 integrar\u00e9 o tindr\u00e9 en compte diferents aspectes de la salut. Tindr\u00e9 en compte: Per altra banda Ter\u00e0pia Integrativa em serveix per definir tamb\u00e9 les meves sessions on integro diferents t\u00e8cniques. Aix\u00ed en una sessi\u00f3 puc incloure:<\/p>\n","protected":false},"author":2,"featured_media":0,"parent":0,"menu_order":0,"comment_status":"closed","ping_status":"closed","template":"","meta":{"footnotes":""},"class_list":["post-64","page","type-page","status-publish","hentry"],"_links":{"self":[{"href":"https:\/\/somriureconscient.cat\/index.php\/wp-json\/wp\/v2\/pages\/64","targetHints":{"allow":["GET"]}}],"collection":[{"href":"https:\/\/somriureconscient.cat\/index.php\/wp-json\/wp\/v2\/pages"}],"about":[{"href":"https:\/\/somriureconscient.cat\/index.php\/wp-json\/wp\/v2\/types\/page"}],"author":[{"embeddable":true,"href":"https:\/\/somriureconscient.cat\/index.php\/wp-json\/wp\/v2\/users\/2"}],"replies":[{"embeddable":true,"href":"https:\/\/somriureconscient.cat\/index.php\/wp-json\/wp\/v2\/comments?post=64"}],"version-history":[{"count":5,"href":"https:\/\/somriureconscient.cat\/index.php\/wp-json\/wp\/v2\/pages\/64\/revisions"}],"predecessor-version":[{"id":209,"href":"https:\/\/somriureconscient.cat\/index.php\/wp-json\/wp\/v2\/pages\/64\/revisions\/209"}],"wp:attachment":[{"href":"https:\/\/somriureconscient.cat\/index.php\/wp-json\/wp\/v2\/media?parent=64"}],"curies":[{"name":"wp","href":"https:\/\/api.w.org\/{rel}","templated":true}]}}