{"id":62,"date":"2025-07-25T17:27:56","date_gmt":"2025-07-25T17:27:56","guid":{"rendered":"http:\/\/clasicasud.cluster020.hosting.ovh.net\/somriure\/?page_id=62"},"modified":"2025-11-04T19:48:15","modified_gmt":"2025-11-04T19:48:15","slug":"reiki","status":"publish","type":"page","link":"https:\/\/somriureconscient.cat\/index.php\/reiki\/","title":{"rendered":"Reiki"},"content":{"rendered":"\n<figure class=\"wp-block-image size-large\"><img loading=\"lazy\" decoding=\"async\" width=\"1099\" height=\"618\" src=\"http:\/\/clasicasud.cluster020.hosting.ovh.net\/somriure\/wp-content\/uploads\/2025\/09\/IMG_2715-edited-1.jpg\" alt=\"\" class=\"wp-image-225\" style=\"aspect-ratio:16\/9;object-fit:cover\" srcset=\"https:\/\/somriureconscient.cat\/wp-content\/uploads\/2025\/09\/IMG_2715-edited-1.jpg 1099w, https:\/\/somriureconscient.cat\/wp-content\/uploads\/2025\/09\/IMG_2715-edited-1-300x169.jpg 300w, https:\/\/somriureconscient.cat\/wp-content\/uploads\/2025\/09\/IMG_2715-edited-1-1024x576.jpg 1024w, https:\/\/somriureconscient.cat\/wp-content\/uploads\/2025\/09\/IMG_2715-edited-1-768x432.jpg 768w\" sizes=\"auto, (max-width: 767px) 89vw, (max-width: 1000px) 54vw, (max-width: 1071px) 543px, 580px\" \/><figcaption class=\"wp-element-caption\">Screenshot<\/figcaption><\/figure>\n\n\n\n<p>El <strong>Reiki<\/strong> \u00e9s una t\u00e8cnica de <strong>sanaci\u00f3 energ\u00e8tica<\/strong> d\u2019origen japon\u00e8s que busca restablir l\u2019equilibri del cos, la ment i l\u2019esperit mitjan\u00e7ant la transmissi\u00f3 d\u2019<strong>energia vital universal<\/strong> a trav\u00e9s de les mans.<\/p>\n\n\n\n<p>La paraula <strong>Reiki<\/strong> prov\u00e9 de dues paraules japoneses:<\/p>\n\n\n\n<ul class=\"wp-block-list\">\n<li><strong>Rei (\u970a)<\/strong>: energia universal, consci\u00e8ncia superior o saviesa divina<\/li>\n\n\n\n<li><strong>Ki (\u6c17)<\/strong>: energia vital que flueix en tots els \u00e9ssers vius (equivalent al \u00abchi\u00bb xin\u00e8s o al \u00abprana\u00bb hind\u00fa)<\/li>\n<\/ul>\n\n\n\n<p>Per tant, <strong>Reiki<\/strong>  significa <strong>Energia vital universal.<\/strong><\/p>\n\n\n\n<h2 class=\"wp-block-heading\"><strong>Com funciona el Reiki?<\/strong><\/h2>\n\n\n\n<p>Durant una sessi\u00f3 de Reiki:<\/p>\n\n\n\n<ul class=\"wp-block-list\">\n<li>El <strong>practicant col\u00b7loca les mans<\/strong> suaument sobre (o a pocs cent\u00edmetres de) diferents parts del cos del receptor.<\/li>\n\n\n\n<li>No es fa massatge ni manipulaci\u00f3 f\u00edsica; \u00e9s una transmissi\u00f3 d\u2019<strong>energia a nivell subtil<\/strong>.<\/li>\n\n\n\n<li>L\u2019objectiu \u00e9s <strong>restablir el flux energ\u00e8tic<\/strong>, alliberar bloquejos i estimular la capacitat natural del cos per sanar-se.<\/li>\n<\/ul>\n\n\n\n<h2 class=\"wp-block-heading\"><strong>Beneficis del Reiki<\/strong><\/h2>\n\n\n\n<p>Encara que la ci\u00e8ncia no ha demostrat tots aquests efectes de manera concloent, puc assegurar per la meva experi\u00e8ncia i la de molts usuaris,que el Reiki pot:<\/p>\n\n\n\n<ul class=\"wp-block-list\">\n<li>Reduir l\u2019<strong>estr\u00e8s i l\u2019ansietat<\/strong><\/li>\n\n\n\n<li>Millorar la <strong>relaxaci\u00f3 profunda<\/strong><\/li>\n\n\n\n<li>Afavorir la <strong>sanaci\u00f3 f\u00edsica<\/strong> (com a complement a la medicina)<\/li>\n\n\n\n<li>Alleujar dolors lleus o cr\u00f2nics<\/li>\n\n\n\n<li>Estimular el <strong>benestar emocional i espiritual<\/strong><\/li>\n\n\n\n<li>Millorar el <strong>somni<\/strong> i la <strong>claredat mental<\/strong><\/li>\n\n\n\n<li>En alguns casos, ajudar en processos de <strong>dol o crisi existencial<\/strong><\/li>\n<\/ul>\n","protected":false},"excerpt":{"rendered":"<p>El Reiki \u00e9s una t\u00e8cnica de sanaci\u00f3 energ\u00e8tica d\u2019origen japon\u00e8s que busca restablir l\u2019equilibri del cos, la ment i l\u2019esperit mitjan\u00e7ant la transmissi\u00f3 d\u2019energia vital universal a trav\u00e9s de les mans. La paraula Reiki prov\u00e9 de dues paraules japoneses: Per tant, Reiki significa Energia vital universal. Com funciona el Reiki? Durant una sessi\u00f3 de Reiki: &hellip; <\/p>\n<p class=\"link-more\"><a href=\"https:\/\/somriureconscient.cat\/index.php\/reiki\/\" class=\"more-link\">Continuar leyendo<span class=\"screen-reader-text\"> \u00abReiki\u00bb<\/span><\/a><\/p>\n","protected":false},"author":2,"featured_media":0,"parent":0,"menu_order":0,"comment_status":"closed","ping_status":"closed","template":"","meta":{"footnotes":""},"class_list":["post-62","page","type-page","status-publish","hentry"],"_links":{"self":[{"href":"https:\/\/somriureconscient.cat\/index.php\/wp-json\/wp\/v2\/pages\/62","targetHints":{"allow":["GET"]}}],"collection":[{"href":"https:\/\/somriureconscient.cat\/index.php\/wp-json\/wp\/v2\/pages"}],"about":[{"href":"https:\/\/somriureconscient.cat\/index.php\/wp-json\/wp\/v2\/types\/page"}],"author":[{"embeddable":true,"href":"https:\/\/somriureconscient.cat\/index.php\/wp-json\/wp\/v2\/users\/2"}],"replies":[{"embeddable":true,"href":"https:\/\/somriureconscient.cat\/index.php\/wp-json\/wp\/v2\/comments?post=62"}],"version-history":[{"count":3,"href":"https:\/\/somriureconscient.cat\/index.php\/wp-json\/wp\/v2\/pages\/62\/revisions"}],"predecessor-version":[{"id":233,"href":"https:\/\/somriureconscient.cat\/index.php\/wp-json\/wp\/v2\/pages\/62\/revisions\/233"}],"wp:attachment":[{"href":"https:\/\/somriureconscient.cat\/index.php\/wp-json\/wp\/v2\/media?parent=62"}],"curies":[{"name":"wp","href":"https:\/\/api.w.org\/{rel}","templated":true}]}}