{"id":5,"date":"2025-03-21T16:27:19","date_gmt":"2025-03-21T16:27:19","guid":{"rendered":"http:\/\/clasicasud.cluster020.hosting.ovh.net\/somriure\/?page_id=5"},"modified":"2025-11-13T19:54:10","modified_gmt":"2025-11-13T19:54:10","slug":"inicio","status":"publish","type":"page","link":"https:\/\/somriureconscient.cat\/","title":{"rendered":"Qui s\u00f3c?"},"content":{"rendered":"<div class=\"wp-block-image\">\n<figure class=\"alignleft size-large is-resized\"><img loading=\"lazy\" decoding=\"async\" width=\"461\" height=\"1024\" src=\"http:\/\/clasicasud.cluster020.hosting.ovh.net\/somriure\/wp-content\/uploads\/2025\/07\/salt-eugenia-461x1024.jpg\" alt=\"\" class=\"wp-image-86\" style=\"width:295px;height:auto\" srcset=\"https:\/\/somriureconscient.cat\/wp-content\/uploads\/2025\/07\/salt-eugenia-461x1024.jpg 461w, https:\/\/somriureconscient.cat\/wp-content\/uploads\/2025\/07\/salt-eugenia-135x300.jpg 135w, https:\/\/somriureconscient.cat\/wp-content\/uploads\/2025\/07\/salt-eugenia-768x1708.jpg 768w, https:\/\/somriureconscient.cat\/wp-content\/uploads\/2025\/07\/salt-eugenia-691x1536.jpg 691w, https:\/\/somriureconscient.cat\/wp-content\/uploads\/2025\/07\/salt-eugenia.jpg 921w\" sizes=\"auto, (max-width: 461px) 100vw, 461px\" \/><\/figure><\/div>\n\n\n<p class=\"has-text-align-left\">Em dic Eug\u00e8nia Figueras, terapeuta natur\u00f2pata, Master i Trainer en PNL.<\/p>\n\n\n\n<p class=\"has-text-align-left\"><br>Primer que tot vull dir ben alt i clar que: \u201des pot viure des de la nostra ess\u00e8ncia, sent<br>nosaltres mateixos, amb alegria, consci\u00e8ncia, pau interior i benestar f\u00edsic i emocional!\u201d<br>Pensant en la petja que vull deixar en aquest m\u00f3n i com vull viure la meva vida va<br>sorgir aquest projecte.<\/p>\n\n\n\n<p class=\"has-text-align-left\"><br>Despr\u00e9s de m\u00e9s de vint anys de  per aportar salut i consci\u00e8ncia als meus<br>pacients i a mi, he arribat a la PNL i al coaching l\u00fadic com a eines de treball en les que<br>confio perqu\u00e8 vull veure m\u00e9s persones vitals, alegres i radiants.<\/p>\n\n\n\n<p class=\"has-text-align-left\"><br>Per aix\u00f2 necessitem que cada vegada m\u00e9s persones creixin en recursos i creativitat, i<br>aix\u00ed poder inspirar a m\u00e9s gent a que agafi les rendes de la seva vida i puguin aportar al<br>m\u00f3n i col.laborar creant valor. <\/p>\n\n\n\n<p class=\"has-text-align-left\">Per aix\u00f2 proposo els Tallers de Cohesi\u00f3 L\u00fadica a: empreses, col.lectius interessats a millorar el seu ambient de treball, les relacions<br>intrapersonals i d\u2019aquesta manera aconseguir millors rendiments.<\/p>\n\n\n\n<p><\/p>\n","protected":false},"excerpt":{"rendered":"<p>Em dic Eug\u00e8nia Figueras, terapeuta natur\u00f2pata, Master i Trainer en PNL. Primer que tot vull dir ben alt i clar que: \u201des pot viure des de la nostra ess\u00e8ncia, sentnosaltres mateixos, amb alegria, consci\u00e8ncia, pau interior i benestar f\u00edsic i emocional!\u201dPensant en la petja que vull deixar en aquest m\u00f3n i com vull viure la &hellip; <\/p>\n<p class=\"link-more\"><a href=\"https:\/\/somriureconscient.cat\/\" class=\"more-link\">Continuar leyendo<span class=\"screen-reader-text\"> \u00abQui s\u00f3c?\u00bb<\/span><\/a><\/p>\n","protected":false},"author":1,"featured_media":8,"parent":0,"menu_order":0,"comment_status":"closed","ping_status":"closed","template":"","meta":{"footnotes":""},"class_list":["post-5","page","type-page","status-publish","has-post-thumbnail","hentry"],"_links":{"self":[{"href":"https:\/\/somriureconscient.cat\/index.php\/wp-json\/wp\/v2\/pages\/5","targetHints":{"allow":["GET"]}}],"collection":[{"href":"https:\/\/somriureconscient.cat\/index.php\/wp-json\/wp\/v2\/pages"}],"about":[{"href":"https:\/\/somriureconscient.cat\/index.php\/wp-json\/wp\/v2\/types\/page"}],"author":[{"embeddable":true,"href":"https:\/\/somriureconscient.cat\/index.php\/wp-json\/wp\/v2\/users\/1"}],"replies":[{"embeddable":true,"href":"https:\/\/somriureconscient.cat\/index.php\/wp-json\/wp\/v2\/comments?post=5"}],"version-history":[{"count":9,"href":"https:\/\/somriureconscient.cat\/index.php\/wp-json\/wp\/v2\/pages\/5\/revisions"}],"predecessor-version":[{"id":305,"href":"https:\/\/somriureconscient.cat\/index.php\/wp-json\/wp\/v2\/pages\/5\/revisions\/305"}],"wp:featuredmedia":[{"embeddable":true,"href":"https:\/\/somriureconscient.cat\/index.php\/wp-json\/wp\/v2\/media\/8"}],"wp:attachment":[{"href":"https:\/\/somriureconscient.cat\/index.php\/wp-json\/wp\/v2\/media?parent=5"}],"curies":[{"name":"wp","href":"https:\/\/api.w.org\/{rel}","templated":true}]}}