{"id":29,"date":"2025-07-25T16:03:53","date_gmt":"2025-07-25T16:03:53","guid":{"rendered":"http:\/\/clasicasud.cluster020.hosting.ovh.net\/somriure\/?page_id=29"},"modified":"2025-11-04T20:16:42","modified_gmt":"2025-11-04T20:16:42","slug":"tallers","status":"publish","type":"page","link":"https:\/\/somriureconscient.cat\/index.php\/tallers\/","title":{"rendered":"Risoter\u00e0pia i Tallers de Somriure Conscient (Cohesi\u00f3 L\u00fadica)"},"content":{"rendered":"\n<p>\u00ab<strong>Riu i allibera el teu estr\u00e8s a trav\u00e9s del cos<\/strong>\u00ab<\/p>\n\n\n\n<h2 class=\"wp-block-heading\"><strong>RISOTER\u00c0PIA. QU\u00c8 \u00c9S?<\/strong><\/h2>\n\n\n\n<p>La Risoter\u00e0pia \u00e9s una t\u00e8cnica terap\u00e8utica que utilitza el riure de forma dirigida per promoure la relaxaci\u00f3, alliberar tensions i millorar la salut f\u00edsica i emocional.<\/p>\n\n\n\n<figure class=\"wp-block-image size-large\"><img loading=\"lazy\" decoding=\"async\" width=\"1024\" height=\"694\" src=\"http:\/\/clasicasud.cluster020.hosting.ovh.net\/somriure\/wp-content\/uploads\/2025\/07\/IMG_1404-1024x694.jpg\" alt=\"\" class=\"wp-image-91\" srcset=\"https:\/\/somriureconscient.cat\/wp-content\/uploads\/2025\/07\/IMG_1404-1024x694.jpg 1024w, https:\/\/somriureconscient.cat\/wp-content\/uploads\/2025\/07\/IMG_1404-300x203.jpg 300w, https:\/\/somriureconscient.cat\/wp-content\/uploads\/2025\/07\/IMG_1404-768x521.jpg 768w, https:\/\/somriureconscient.cat\/wp-content\/uploads\/2025\/07\/IMG_1404.jpg 1125w\" sizes=\"auto, (max-width: 767px) 89vw, (max-width: 1000px) 54vw, (max-width: 1071px) 543px, 580px\" \/><\/figure>\n\n\n\n<h2 class=\"wp-block-heading\"><strong>Beneficis de la Risoter\u00e0pia<\/strong>:<\/h2>\n\n\n\n<ul class=\"wp-block-list\">\n<li><strong>Redueix l&#8217;estr\u00e8s<\/strong> i l&#8217;ansietat<\/li>\n\n\n\n<li>Augmenta l&#8217;<strong>alliberament d&#8217;endorfines<\/strong> i millora l&#8217;estat d&#8217;\u00e0nim<\/li>\n\n\n\n<li>Enforteix el <strong>sistema immunol\u00f2gic<\/strong><\/li>\n\n\n\n<li>Estimula la <strong>creativitat<\/strong> i la connexi\u00f3 social.<\/li>\n\n\n\n<li>Desperta qualitats adormides com <strong>sentir-se unit a l&#8217;altre<\/strong>, l&#8217;<strong>entusiasme <\/strong>o la <strong>complicitat<\/strong>.<\/li>\n<\/ul>\n\n\n\n<p><\/p>\n\n\n\n<p><\/p>\n\n\n\n<figure class=\"wp-block-image size-large\"><img loading=\"lazy\" decoding=\"async\" width=\"768\" height=\"1024\" src=\"http:\/\/clasicasud.cluster020.hosting.ovh.net\/somriure\/wp-content\/uploads\/2025\/08\/5cafda15-a828-497c-8158-676eb71f6a99-768x1024.jpg\" alt=\"\" class=\"wp-image-142\" style=\"aspect-ratio:4\/3;object-fit:cover\" srcset=\"https:\/\/somriureconscient.cat\/wp-content\/uploads\/2025\/08\/5cafda15-a828-497c-8158-676eb71f6a99-768x1024.jpg 768w, https:\/\/somriureconscient.cat\/wp-content\/uploads\/2025\/08\/5cafda15-a828-497c-8158-676eb71f6a99-225x300.jpg 225w, https:\/\/somriureconscient.cat\/wp-content\/uploads\/2025\/08\/5cafda15-a828-497c-8158-676eb71f6a99-1152x1536.jpg 1152w, https:\/\/somriureconscient.cat\/wp-content\/uploads\/2025\/08\/5cafda15-a828-497c-8158-676eb71f6a99.jpg 1200w\" sizes=\"auto, (max-width: 767px) 89vw, (max-width: 1000px) 54vw, (max-width: 1071px) 543px, 580px\" \/><\/figure>\n\n\n\n<p>A <strong>Somriureconscient <\/strong>us guiar\u00e9 amb din\u00e0miques divertides i alliberadores.<\/p>\n\n\n\n<p>Descobreix l&#8217;alegria de connectar amb la teva creativitat sense creences limitants!<\/p>\n\n\n\n<p><\/p>\n\n\n\n<p><\/p>\n\n\n\n<figure class=\"wp-block-image size-large\"><img loading=\"lazy\" decoding=\"async\" width=\"1024\" height=\"768\" src=\"http:\/\/clasicasud.cluster020.hosting.ovh.net\/somriure\/wp-content\/uploads\/2025\/07\/IMG_0971-1024x768.jpg\" alt=\"\" class=\"wp-image-93\" srcset=\"https:\/\/somriureconscient.cat\/wp-content\/uploads\/2025\/07\/IMG_0971-1024x768.jpg 1024w, https:\/\/somriureconscient.cat\/wp-content\/uploads\/2025\/07\/IMG_0971-300x225.jpg 300w, https:\/\/somriureconscient.cat\/wp-content\/uploads\/2025\/07\/IMG_0971-768x576.jpg 768w, https:\/\/somriureconscient.cat\/wp-content\/uploads\/2025\/07\/IMG_0971-1536x1152.jpg 1536w, https:\/\/somriureconscient.cat\/wp-content\/uploads\/2025\/07\/IMG_0971-2048x1536.jpg 2048w\" sizes=\"auto, (max-width: 767px) 89vw, (max-width: 1000px) 54vw, (max-width: 1071px) 543px, 580px\" \/><\/figure>\n\n\n\n<h2 class=\"wp-block-heading\"><br><strong>UN PAS M\u00c9S: TALLERS<\/strong> <strong>de<\/strong>  <strong>SOMRIURE CONSCIENT<\/strong> o  <strong>DE COHESI\u00d3 L\u00daDICA<\/strong><\/h2>\n\n\n\n<blockquote class=\"wp-block-quote is-layout-flow wp-block-quote-is-layout-flow\">\n<p><strong>Creativitat, connexi\u00f3 interna, entusiasme, espontane\u00eftat,  joc i ruire:<\/strong><\/p>\n\n\n\n<p><br>Segons els grecs l\u2019<strong>entusiasme<\/strong> \u00e9s quan expresses la teva esc\u00e8ncia i sents que et diu \u201c<strong>que vas per bon cam\u00ed<\/strong>!\u201d, \u00e9s a dir amb coher\u00e8ncia amb tu mateix i respecte i<br>consideraci\u00f3 pels altres.<\/p>\n<\/blockquote>\n\n\n\n<h2 class=\"wp-block-heading\"><strong>Tallers de Somriure Conscient<\/strong><\/h2>\n\n\n\n<p>Quan parlo de <strong>tallers de Somriure Conscient <\/strong>vaig una mica m\u00e9s enll\u00e0 de la Risoter\u00e0pia. <\/p>\n\n\n\n<p>La meva idea amb aquests tallers \u00e9s despertar l\u2019<strong>espontane\u00eftat<\/strong> i alhora <strong>cohesionar<\/strong> el grup<br>amb que es treballa, per tal d\u2019arribar a un vincle m\u00e9s personal i afectiu, d&#8217;aqu\u00ed que en podem dir de <strong>Cohesi\u00f3 L\u00fadica<\/strong>!<\/p>\n\n\n\n<p>\u00c9s despertar l\u2019energia i la <strong>creativitat<\/strong> del nen que portem dins i que hem anat reprimint<br>al llarg de la vida.<\/p>\n\n\n\n<p>Jugar des de la llibertat, sense limitacions, sempre respectant l\u2019espai i les persones,<br>evidentment.<\/p>\n\n\n\n<p><br><strong>\u201c\u00c9s en el joc i tan sols en el joc que el nen o l\u2019adult, com individus, son capa\u00e7os de ser<br>creatius i d\u2019utilitzar el seu total de la seva personalitat. I tan sols al ser creatiu<br>l\u2019individu es descobreix a si mateix\u201d<\/strong>. ( Donald Woods Winnicott )<\/p>\n\n\n\n<p><\/p>\n\n\n\n<figure class=\"wp-block-image size-large\"><img loading=\"lazy\" decoding=\"async\" width=\"1024\" height=\"577\" src=\"http:\/\/clasicasud.cluster020.hosting.ovh.net\/somriure\/wp-content\/uploads\/2025\/08\/riso-le-bosquet-1024x577.jpg\" alt=\"\" class=\"wp-image-145\" srcset=\"https:\/\/somriureconscient.cat\/wp-content\/uploads\/2025\/08\/riso-le-bosquet-1024x577.jpg 1024w, https:\/\/somriureconscient.cat\/wp-content\/uploads\/2025\/08\/riso-le-bosquet-300x169.jpg 300w, https:\/\/somriureconscient.cat\/wp-content\/uploads\/2025\/08\/riso-le-bosquet-768x433.jpg 768w, https:\/\/somriureconscient.cat\/wp-content\/uploads\/2025\/08\/riso-le-bosquet-1536x866.jpg 1536w, https:\/\/somriureconscient.cat\/wp-content\/uploads\/2025\/08\/riso-le-bosquet-2048x1155.jpg 2048w\" sizes=\"auto, (max-width: 767px) 89vw, (max-width: 1000px) 54vw, (max-width: 1071px) 543px, 580px\" \/><\/figure>\n\n\n\n<h2 class=\"wp-block-heading\"><strong>Per qu\u00e8 un Taller de \u201cCohesi\u00f3 L\u00fadica o SOMRIURE CONSCIENT\u201d?<\/strong><\/h2>\n\n\n\n<ul class=\"wp-block-list\">\n<li>Perque \u00e9s un taller on es crea una atm\u00f2sfera o ambient dist\u00e9s i alegre on aflora<br><strong>la confian\u00e7a, la cooperaci\u00f3, la complicitat i l\u2019espontanietat<\/strong>.<\/li>\n\n\n\n<li>Podent alliberar l\u2019<strong>estr\u00e9s<\/strong> i les <strong>tensions<\/strong><\/li>\n\n\n\n<li>Deixar anar per un moment obligacions i responsabilitats i alhora deixar-te<br>cuidar pels altres.<\/li>\n\n\n\n<li>I tamb\u00e9 gaudir d\u2019un estat personal i grupal relaxat i confortable.<\/li>\n<\/ul>\n\n\n\n<figure class=\"wp-block-image size-large\"><img loading=\"lazy\" decoding=\"async\" width=\"1024\" height=\"577\" src=\"http:\/\/clasicasud.cluster020.hosting.ovh.net\/somriure\/wp-content\/uploads\/2025\/08\/DSCF4733-1024x577.jpg\" alt=\"\" class=\"wp-image-146\" srcset=\"https:\/\/somriureconscient.cat\/wp-content\/uploads\/2025\/08\/DSCF4733-1024x577.jpg 1024w, https:\/\/somriureconscient.cat\/wp-content\/uploads\/2025\/08\/DSCF4733-300x169.jpg 300w, https:\/\/somriureconscient.cat\/wp-content\/uploads\/2025\/08\/DSCF4733-768x433.jpg 768w, https:\/\/somriureconscient.cat\/wp-content\/uploads\/2025\/08\/DSCF4733-1536x866.jpg 1536w, https:\/\/somriureconscient.cat\/wp-content\/uploads\/2025\/08\/DSCF4733-2048x1155.jpg 2048w\" sizes=\"auto, (max-width: 767px) 89vw, (max-width: 1000px) 54vw, (max-width: 1071px) 543px, 580px\" \/><\/figure>\n\n\n\n<h2 class=\"wp-block-heading\"><strong>Objectiu del taller de Cohesi\u00f3 L\u00fadica:<\/strong><\/h2>\n\n\n\n<p><strong>A nivell grupal:<\/strong><\/p>\n\n\n\n<ul class=\"wp-block-list\">\n<li><strong>Cohesionar <\/strong>el grup d\u2019integrants, des del joc i la valoraci\u00f3.<\/li>\n\n\n\n<li><strong>Recon\u00e8ixe<\/strong>r els companys en un ambit totalment desconegut (com \u00e9s en el joc)<br>permetent veure\u2019ls des d\u2019una altra prespectiva.<\/li>\n\n\n\n<li><strong>Empatitzant<\/strong> i connectant amb l\u2019altre.<\/li>\n\n\n\n<li>Constatar que <strong>l\u2019error \u00e9s una altra experi\u00e8ncia de la qual no hem de tenir por<\/strong>, sin\u00f3<br>del qual podem aprendre, ( com els mam\u00edfers petits: aprenem jugant ).<\/li>\n\n\n\n<li><strong>Connectar amb recursos<\/strong> que desconeix\u00edem en nosaltres. Com diem en la PNL (Programaci\u00f3 Neuroling\u00fc\u00edstica):<br>\u201c<em><strong>Tots tenim els recursos que necessitem per orientar la nostra vida en la direcci\u00f3<br>que escollim<\/strong><\/em>.\u201d O : \u201c <em><strong>El qu\u00e8 pot fer alg\u00fa ho pot fer qualsevol si sap com<\/strong><\/em>.\u201d<\/li>\n<\/ul>\n\n\n\n<figure class=\"wp-block-image size-large\"><img loading=\"lazy\" decoding=\"async\" width=\"1024\" height=\"577\" src=\"http:\/\/clasicasud.cluster020.hosting.ovh.net\/somriure\/wp-content\/uploads\/2025\/08\/DSCF4750-1024x577.jpg\" alt=\"\" class=\"wp-image-149\" srcset=\"https:\/\/somriureconscient.cat\/wp-content\/uploads\/2025\/08\/DSCF4750-1024x577.jpg 1024w, https:\/\/somriureconscient.cat\/wp-content\/uploads\/2025\/08\/DSCF4750-300x169.jpg 300w, https:\/\/somriureconscient.cat\/wp-content\/uploads\/2025\/08\/DSCF4750-768x433.jpg 768w, https:\/\/somriureconscient.cat\/wp-content\/uploads\/2025\/08\/DSCF4750-1536x866.jpg 1536w, https:\/\/somriureconscient.cat\/wp-content\/uploads\/2025\/08\/DSCF4750-2048x1155.jpg 2048w\" sizes=\"auto, (max-width: 767px) 89vw, (max-width: 1000px) 54vw, (max-width: 1071px) 543px, 580px\" \/><\/figure>\n\n\n\n<p><strong>A nivell personal:<\/strong><\/p>\n\n\n\n<ul class=\"wp-block-list\">\n<li>Ens podem fer conscients de <strong>qui som<\/strong>.<\/li>\n\n\n\n<li>Despertem l\u2019<strong>alegria<\/strong> que ens condueix a estar m\u00e9s oberts a descobrir i a fluir en la<br>interacci\u00f3 i el canvi i intercanvi, exercitant-la i potenciant-la per viure amb m\u00e9s plenitud.<\/li>\n\n\n\n<li>Descobrim el\/la nostr@<strong> nen\/a petit <\/strong>que portem dins.<\/li>\n\n\n\n<li>Aprendre a <strong>sentir les emocions<\/strong> sense anclar-nos en elles, i a expressar-les amb<br>respecte i consideraci\u00f3 cap a un mateix i cap a l\u2019altre.<\/li>\n\n\n\n<li>Aconseguir i practicar estar en \u201cel <strong>aqu\u00ed i el ara<\/strong>\u201d.<\/li>\n<\/ul>\n\n\n\n<figure class=\"wp-block-image size-large\"><img loading=\"lazy\" decoding=\"async\" width=\"1024\" height=\"577\" src=\"http:\/\/clasicasud.cluster020.hosting.ovh.net\/somriure\/wp-content\/uploads\/2025\/08\/DSCF4795-1-1024x577.jpg\" alt=\"\" class=\"wp-image-150\" srcset=\"https:\/\/somriureconscient.cat\/wp-content\/uploads\/2025\/08\/DSCF4795-1-1024x577.jpg 1024w, https:\/\/somriureconscient.cat\/wp-content\/uploads\/2025\/08\/DSCF4795-1-300x169.jpg 300w, https:\/\/somriureconscient.cat\/wp-content\/uploads\/2025\/08\/DSCF4795-1-768x433.jpg 768w, https:\/\/somriureconscient.cat\/wp-content\/uploads\/2025\/08\/DSCF4795-1-1536x866.jpg 1536w, https:\/\/somriureconscient.cat\/wp-content\/uploads\/2025\/08\/DSCF4795-1-2048x1155.jpg 2048w\" sizes=\"auto, (max-width: 767px) 89vw, (max-width: 1000px) 54vw, (max-width: 1071px) 543px, 580px\" \/><\/figure>\n\n\n\n<h2 class=\"wp-block-heading\"><strong>Desenvolupament del taller:<\/strong><\/h2>\n\n\n\n<p><br>Durant el taller essencialment es genera el <strong>vincle des de l\u2019humor i l\u2019alegria<\/strong>:<\/p>\n\n\n\n<ul class=\"wp-block-list\">\n<li>entrant en la deriva del joc, donant i rebent sense cap finalitat sin\u00f3 pel simple fet de<br>passar-ho b\u00e9.<\/li>\n\n\n\n<li>ballant, movent-se, escoltant, seguint una m\u00fasica per despertar tot el potencial<br>emocional que hi ha dins teu,<\/li>\n\n\n\n<li>tenint experi\u00e8ncies diferents ( que ens fan sortir de la zona de confort ).<\/li>\n<\/ul>\n\n\n\n<h2 class=\"wp-block-heading\"><strong>Finalitat del taller de cohesi\u00f3 l\u00fadica:<\/strong><\/h2>\n\n\n\n<ul class=\"wp-block-list\">\n<li><em>despertar en nosaltres, adults, qualitats que vam tenir de petits a m\u00e0, com<\/em>:<\/li>\n<\/ul>\n\n\n\n<ol class=\"wp-block-list\">\n<li> Despertar la capacitat creativa de cada persona<\/li>\n\n\n\n<li> L\u2019espontane\u00eftat<\/li>\n\n\n\n<li> La tendresa<\/li>\n\n\n\n<li> El sentir-me unit a l\u2019altre<\/li>\n\n\n\n<li> L\u2019entusiasme<\/li>\n<\/ol>\n\n\n\n<ul class=\"wp-block-list\">\n<li><em>ajuda als grups a cohesionar-se per cumplir amb la seva finalitat gaudint del<br>proc\u00e9s,<\/em><\/li>\n<\/ul>\n\n\n\n<ul class=\"wp-block-list\">\n<li><em> gaudir de la \u201cdifer\u00e8ncia\u201d en lloc de sentir-se amena\u00e7at per ella,<\/em><\/li>\n<\/ul>\n\n\n\n<ul class=\"wp-block-list\">\n<li><em>gaudir del proc\u00e9s i no tan sols mirar els resultats.<\/em><\/li>\n<\/ul>\n\n\n\n<h2 class=\"wp-block-heading\"><br><strong>Beneficis d&#8217;un taller de coaching l\u00fadic per l\u2019empresa o entitat:<\/strong><\/h2>\n\n\n\n<p><br>Cada vegada m\u00e9s estudis demostren que per tenir \u00e9xit en \u00e9s imprescindible un alt<br>Coeficient Emocional (E.Q.). Que si no es vol perdre, \u00e9s necessari un alt Coeficient<br>Intelectual (I.Q.). i que si es vol ser respectat es necessari un alt nivell de Coeficient<br>Intelctual d\u2019Amor (L.Q.)<br>Si una empresa (col.lectiu, associaci\u00f3, entitat) vol ser exitosa, operar amb sabiduria i<br>alhora amb empatia i cura, necessita un personal amb aquests tres Coeficients (Qs)<br>junts i en igualtat de potencial.<br>Penso que aquests tallers poden potenciar amb el temps el Coeficient Emocional i el<br>Coeficient Intelectual d\u2019Amor.<\/p>\n\n\n\n<h2 class=\"wp-block-heading\"><strong>Horari del taller:<\/strong><\/h2>\n\n\n\n<ul class=\"wp-block-list\">\n<li>En general les sessions seran m\u00ednim d\u2019<strong>hora i mitja<\/strong> i l\u2019ideal \u00e9s <strong>dues hores<\/strong> per tenir<br>un marge per deixar fluir les emocions dins l\u2019espontane\u00eftat.<br>Grups:<\/li>\n\n\n\n<li>per anar b\u00e9 <strong>m\u00ednim 10 persones,<\/strong> (tot i que es pot fer amb vuit, sempre tenint-ho<br>en compte previament per poder modificar algun joc de grup). Per aix\u00f3 l\u2019ideal \u00e9s<br>fer un grup m\u00e9s gran de 10 persones per si algun dia falla alg\u00fa!<\/li>\n\n\n\n<li>En cas de grups de m\u00e9s de 30 persones s\u2019ajustar\u00e0 el taller a les<br>condicions que requereix un grup tan gran, sobretot buscant un espai adequat.<\/li>\n<\/ul>\n\n\n\n<h2 class=\"wp-block-heading\"><strong>Material:<\/strong><\/h2>\n\n\n\n<ul class=\"wp-block-list\">\n<li>Sala amplia, o espai obert on es pugui moure el grup de m\u00ednim deu persones amb llibertat.<\/li>\n\n\n\n<li>Equip de m\u00fasica, un altaveu amb bluethooth i un micr\u00f2fon (que posa Somriureconscient en cas de no tenir)<\/li>\n\n\n\n<li>(Si \u00e9s possible) estores per estirar-se a terra. En cas de no tenir-ne avisar. En<br>segons quins casos es pot dur una tovallola personal. Tamb\u00e9 s\u2019aconsellar\u00e0 que es<br>porti aigua per hidratar-se i una manta per tapar-se si es te fred al estirar-se.<\/li>\n\n\n\n<li>S\u2019aconsellar\u00e0 portar roba i cal\u00e7at c\u00f2mode o d\u2019esport, tot i que s&#8217;aconsella fer-ho descal\u00e7.<\/li>\n<\/ul>\n\n\n\n<p><\/p>\n\n\n\n<figure class=\"wp-block-image size-large\"><img loading=\"lazy\" decoding=\"async\" width=\"1024\" height=\"577\" src=\"http:\/\/clasicasud.cluster020.hosting.ovh.net\/somriure\/wp-content\/uploads\/2025\/08\/DSCF4788-1024x577.jpg\" alt=\"\" class=\"wp-image-148\" srcset=\"https:\/\/somriureconscient.cat\/wp-content\/uploads\/2025\/08\/DSCF4788-1024x577.jpg 1024w, https:\/\/somriureconscient.cat\/wp-content\/uploads\/2025\/08\/DSCF4788-300x169.jpg 300w, https:\/\/somriureconscient.cat\/wp-content\/uploads\/2025\/08\/DSCF4788-768x433.jpg 768w, https:\/\/somriureconscient.cat\/wp-content\/uploads\/2025\/08\/DSCF4788-1536x866.jpg 1536w, https:\/\/somriureconscient.cat\/wp-content\/uploads\/2025\/08\/DSCF4788-2048x1155.jpg 2048w\" sizes=\"auto, (max-width: 767px) 89vw, (max-width: 1000px) 54vw, (max-width: 1071px) 543px, 580px\" \/><\/figure>\n\n\n\n<p>Eug\u00e8nia Figueras i Harder<\/p>\n\n\n\n<p style=\"font-style:italic;font-weight:300\">Dinamitzadora de tallers Somriure Conscient, Trainer i Coach en PNL,  Natur\u00f2pata.<br>(Aquest text \u00e9s propietat de Ter\u00e0pies Naturals I d\u2019Acompanyament Eug\u00e8nia Figueras, i<br>no est\u00e0 perm\u00e8s copiar integre, ni part d\u2019ell, sense el consentiment de ter\u00e0pies NIA).<\/p>\n\n\n\n<p><\/p>\n","protected":false},"excerpt":{"rendered":"<p>\u00abRiu i allibera el teu estr\u00e8s a trav\u00e9s del cos\u00ab RISOTER\u00c0PIA. QU\u00c8 \u00c9S? La Risoter\u00e0pia \u00e9s una t\u00e8cnica terap\u00e8utica que utilitza el riure de forma dirigida per promoure la relaxaci\u00f3, alliberar tensions i millorar la salut f\u00edsica i emocional. Beneficis de la Risoter\u00e0pia: A Somriureconscient us guiar\u00e9 amb din\u00e0miques divertides i alliberadores. Descobreix l&#8217;alegria de &hellip; <\/p>\n<p class=\"link-more\"><a href=\"https:\/\/somriureconscient.cat\/index.php\/tallers\/\" class=\"more-link\">Continuar leyendo<span class=\"screen-reader-text\"> \u00abRisoter\u00e0pia i Tallers de Somriure Conscient (Cohesi\u00f3 L\u00fadica)\u00bb<\/span><\/a><\/p>\n","protected":false},"author":1,"featured_media":48,"parent":0,"menu_order":0,"comment_status":"closed","ping_status":"closed","template":"","meta":{"footnotes":""},"class_list":["post-29","page","type-page","status-publish","has-post-thumbnail","hentry"],"_links":{"self":[{"href":"https:\/\/somriureconscient.cat\/index.php\/wp-json\/wp\/v2\/pages\/29","targetHints":{"allow":["GET"]}}],"collection":[{"href":"https:\/\/somriureconscient.cat\/index.php\/wp-json\/wp\/v2\/pages"}],"about":[{"href":"https:\/\/somriureconscient.cat\/index.php\/wp-json\/wp\/v2\/types\/page"}],"author":[{"embeddable":true,"href":"https:\/\/somriureconscient.cat\/index.php\/wp-json\/wp\/v2\/users\/1"}],"replies":[{"embeddable":true,"href":"https:\/\/somriureconscient.cat\/index.php\/wp-json\/wp\/v2\/comments?post=29"}],"version-history":[{"count":15,"href":"https:\/\/somriureconscient.cat\/index.php\/wp-json\/wp\/v2\/pages\/29\/revisions"}],"predecessor-version":[{"id":262,"href":"https:\/\/somriureconscient.cat\/index.php\/wp-json\/wp\/v2\/pages\/29\/revisions\/262"}],"wp:featuredmedia":[{"embeddable":true,"href":"https:\/\/somriureconscient.cat\/index.php\/wp-json\/wp\/v2\/media\/48"}],"wp:attachment":[{"href":"https:\/\/somriureconscient.cat\/index.php\/wp-json\/wp\/v2\/media?parent=29"}],"curies":[{"name":"wp","href":"https:\/\/api.w.org\/{rel}","templated":true}]}}