{"id":2,"date":"2025-03-21T15:41:39","date_gmt":"2025-03-21T15:41:39","guid":{"rendered":"http:\/\/clasicasud.cluster020.hosting.ovh.net\/somriure\/?page_id=2"},"modified":"2025-11-04T20:15:59","modified_gmt":"2025-11-04T20:15:59","slug":"pagina-ejemplo","status":"publish","type":"page","link":"https:\/\/somriureconscient.cat\/index.php\/pagina-ejemplo\/","title":{"rendered":"Serveis"},"content":{"rendered":"\n<p>Em dic Eug\u00e8nia Figueras Harder. <\/p>\n\n\n\n<p>En plena adolesc\u00e8ncia la meva vida va fer un gir quan el meu pare, que patia de migranyes de tota la vida, va comen\u00e7ar a fer una dieta vegetariana\/macrobi\u00f2tica. <\/p>\n\n\n\n<p>L&#8217;Eug\u00e8nia, que ara seria etiquetada de TDAH, va convertir-se en l&#8217;Eug\u00e8nia  curiosa, estudiosa i energ\u00e8tica d&#8217;ara!<\/p>\n\n\n\n<p>De sobte vaig descobrir un nou m\u00f3n: el de la nutrici\u00f3 i suplementaci\u00f3!<\/p>\n\n\n\n<figure class=\"wp-block-image size-large is-resized is-style-default\"><img loading=\"lazy\" decoding=\"async\" width=\"1024\" height=\"895\" src=\"http:\/\/clasicasud.cluster020.hosting.ovh.net\/somriure\/wp-content\/uploads\/2025\/09\/IMG_0207-1024x895.png\" alt=\"\" class=\"wp-image-183\" style=\"aspect-ratio:1.7777777777777777;object-fit:contain;width:630px;height:auto\" srcset=\"https:\/\/somriureconscient.cat\/wp-content\/uploads\/2025\/09\/IMG_0207-1024x895.png 1024w, https:\/\/somriureconscient.cat\/wp-content\/uploads\/2025\/09\/IMG_0207-300x262.png 300w, https:\/\/somriureconscient.cat\/wp-content\/uploads\/2025\/09\/IMG_0207-768x671.png 768w, https:\/\/somriureconscient.cat\/wp-content\/uploads\/2025\/09\/IMG_0207-1536x1342.png 1536w, https:\/\/somriureconscient.cat\/wp-content\/uploads\/2025\/09\/IMG_0207-2048x1790.png 2048w\" sizes=\"auto, (max-width: 767px) 89vw, (max-width: 1000px) 54vw, (max-width: 1071px) 543px, 580px\" \/><\/figure>\n\n\n\n<p>Malgrat que la meva il.lusi\u00f3 era fer INEF, la vida em va dur per altres camins.<\/p>\n\n\n\n<figure class=\"wp-block-image size-large\"><img loading=\"lazy\" decoding=\"async\" width=\"1024\" height=\"768\" src=\"http:\/\/clasicasud.cluster020.hosting.ovh.net\/somriure\/wp-content\/uploads\/2025\/09\/IMG_8713-1024x768.jpg\" alt=\"\" class=\"wp-image-182\" style=\"aspect-ratio:16\/9;object-fit:cover\" srcset=\"https:\/\/somriureconscient.cat\/wp-content\/uploads\/2025\/09\/IMG_8713-1024x768.jpg 1024w, https:\/\/somriureconscient.cat\/wp-content\/uploads\/2025\/09\/IMG_8713-300x225.jpg 300w, https:\/\/somriureconscient.cat\/wp-content\/uploads\/2025\/09\/IMG_8713-768x576.jpg 768w, https:\/\/somriureconscient.cat\/wp-content\/uploads\/2025\/09\/IMG_8713-1536x1152.jpg 1536w, https:\/\/somriureconscient.cat\/wp-content\/uploads\/2025\/09\/IMG_8713-2048x1536.jpg 2048w\" sizes=\"auto, (max-width: 767px) 89vw, (max-width: 1000px) 54vw, (max-width: 1071px) 543px, 580px\" \/><\/figure>\n\n\n\n<p>Despr\u00e9s de passar quasi quatre anys estudiant Ci\u00e8ncies de la Comunicaci\u00f3 (Periodisme i Publicitat), vaig entrar a treballar en una joieria. Per\u00f2 la inquietud per aprendre i estudiar, que s&#8217;havia despertat feia uns anys, em va portar a estudiar Acupuntura i despr\u00e9s Naturopatia. M\u00e9s endavant faria Programaci\u00f3 Neuroling\u00fc\u00edstica, Biodescodificaci\u00f3, o Coachig L\u00fadic.<\/p>\n\n\n\n<p>I actualment utilitzo tots aquests recursos en les meves ter\u00e0pies de forma hol\u00edstica. Mirant d&#8217;adaptar el tractament de forma molt personalitzada. <\/p>\n\n\n\n<p>Incloent-hi: <\/p>\n\n\n\n<ul class=\"wp-block-list\">\n<li><a href=\"https:\/\/clasicasud.cluster020.hosting.ovh.net\/somriure\/?page_id=70\">Ter\u00e0pia Floral (Flors de Bach)<\/a><\/li>\n\n\n\n<li>Pautes diet\u00e8tiques<\/li>\n\n\n\n<li>Suplementaci\u00f3 <a href=\"https:\/\/clasicasud.cluster020.hosting.ovh.net\/somriure\/index.php\/terapia-integrativa\/\">integrativa<\/a> (Vitamines, Minerals, Amino\u00e0cids, Oligoelements)<\/li>\n\n\n\n<li><a href=\"https:\/\/clasicasud.cluster020.hosting.ovh.net\/somriure\/?page_id=66\">Ter\u00e0pia energ\u00e8tica (Filtres de Nogier o Reiki) <\/a><\/li>\n\n\n\n<li><a href=\"https:\/\/clasicasud.cluster020.hosting.ovh.net\/somriure\/?page_id=68\">Progamaci\u00f3 Neurolingu\u00edstica.<\/a> <\/li>\n\n\n\n<li><a href=\"https:\/\/clasicasud.cluster020.hosting.ovh.net\/somriure\/?page_id=58\">Massatges<\/a> com <a href=\"https:\/\/clasicasud.cluster020.hosting.ovh.net\/somriure\/?page_id=58\">Reflexologia Podal <\/a> o <a href=\"https:\/\/clasicasud.cluster020.hosting.ovh.net\/somriure\/?page_id=58\">Drenatge Limf\u00e0tic<\/a> entre d&#8217;altres.<\/li>\n<\/ul>\n\n\n\n<figure class=\"wp-block-pullquote\"><blockquote><p>\u00abTan de b\u00f3 aquesta vida no hagi estat nom\u00e9s per viure sin\u00f3 per aprendre.\u00bb<\/p><cite>Eug\u00e8nia Figueras<\/cite><\/blockquote><\/figure>\n\n\n\n<p><\/p>\n","protected":false},"excerpt":{"rendered":"<p>Em dic Eug\u00e8nia Figueras Harder. En plena adolesc\u00e8ncia la meva vida va fer un gir quan el meu pare, que patia de migranyes de tota la vida, va comen\u00e7ar a fer una dieta vegetariana\/macrobi\u00f2tica. L&#8217;Eug\u00e8nia, que ara seria etiquetada de TDAH, va convertir-se en l&#8217;Eug\u00e8nia curiosa, estudiosa i energ\u00e8tica d&#8217;ara! De sobte vaig descobrir un &hellip; <\/p>\n<p class=\"link-more\"><a href=\"https:\/\/somriureconscient.cat\/index.php\/pagina-ejemplo\/\" class=\"more-link\">Continuar leyendo<span class=\"screen-reader-text\"> \u00abServeis\u00bb<\/span><\/a><\/p>\n","protected":false},"author":1,"featured_media":27,"parent":0,"menu_order":0,"comment_status":"closed","ping_status":"open","template":"","meta":{"footnotes":""},"class_list":["post-2","page","type-page","status-publish","has-post-thumbnail","hentry"],"_links":{"self":[{"href":"https:\/\/somriureconscient.cat\/index.php\/wp-json\/wp\/v2\/pages\/2","targetHints":{"allow":["GET"]}}],"collection":[{"href":"https:\/\/somriureconscient.cat\/index.php\/wp-json\/wp\/v2\/pages"}],"about":[{"href":"https:\/\/somriureconscient.cat\/index.php\/wp-json\/wp\/v2\/types\/page"}],"author":[{"embeddable":true,"href":"https:\/\/somriureconscient.cat\/index.php\/wp-json\/wp\/v2\/users\/1"}],"replies":[{"embeddable":true,"href":"https:\/\/somriureconscient.cat\/index.php\/wp-json\/wp\/v2\/comments?post=2"}],"version-history":[{"count":21,"href":"https:\/\/somriureconscient.cat\/index.php\/wp-json\/wp\/v2\/pages\/2\/revisions"}],"predecessor-version":[{"id":298,"href":"https:\/\/somriureconscient.cat\/index.php\/wp-json\/wp\/v2\/pages\/2\/revisions\/298"}],"wp:featuredmedia":[{"embeddable":true,"href":"https:\/\/somriureconscient.cat\/index.php\/wp-json\/wp\/v2\/media\/27"}],"wp:attachment":[{"href":"https:\/\/somriureconscient.cat\/index.php\/wp-json\/wp\/v2\/media?parent=2"}],"curies":[{"name":"wp","href":"https:\/\/api.w.org\/{rel}","templated":true}]}}